{"id":3576,"date":"2020-10-13T16:22:14","date_gmt":"2020-10-13T16:22:14","guid":{"rendered":"https:\/\/gpsites.co\/portfolio\/?page_id=3576"},"modified":"2026-04-07T13:11:48","modified_gmt":"2026-04-07T13:11:48","slug":"home","status":"publish","type":"page","link":"https:\/\/www.innenausbau-roman.de\/","title":{"rendered":"\u00dcber uns"},"content":{"rendered":"<div class=\"gb-container gb-container-63131714\">\n<div class=\"gb-container gb-container-c70053af\">\n<div class=\"gb-container gb-container-7e0b3d4e\">\n\n<h2 class=\"wp-block-heading\">Innenausbau Roman<br>seit 04\/2020<br>in Bergtheim bei W\u00fcrzburg<\/h2>\n\n\n\n<p class=\"has-text-align-center\">Innenausbau Roman ist ein spezialisiertes Unternehmen im Bereich Trockenbau mit langj\u00e4hriger Erfahrung. <br>Wir bieten ma\u00dfgeschneiderte L\u00f6sungen f\u00fcr private, gewerbliche und \u00f6ffentliche Bauprojekte. <br>Unser Ziel ist es, die Visionen unserer Kunden in die Realit\u00e4t umzusetzen, indem wir innovative Technologien, hochwertige Materialien und pr\u00e4zises Handwerk kombinieren.<br><br><\/p>\n\n\n\n<figure class=\"wp-block-image aligncenter size-full\"><img loading=\"lazy\" decoding=\"async\" width=\"945\" height=\"671\" src=\"https:\/\/www.innenausbau-roman.de\/wp-content\/uploads\/2026\/02\/WhatsApp-Image-2026-02-28-at-17.05.37-1.jpeg\" alt=\"\" class=\"wp-image-4543\" srcset=\"https:\/\/www.innenausbau-roman.de\/wp-content\/uploads\/2026\/02\/WhatsApp-Image-2026-02-28-at-17.05.37-1.jpeg 945w, https:\/\/www.innenausbau-roman.de\/wp-content\/uploads\/2026\/02\/WhatsApp-Image-2026-02-28-at-17.05.37-1-300x213.jpeg 300w, https:\/\/www.innenausbau-roman.de\/wp-content\/uploads\/2026\/02\/WhatsApp-Image-2026-02-28-at-17.05.37-1-768x545.jpeg 768w\" sizes=\"auto, (max-width: 945px) 100vw, 945px\" \/><\/figure>\n\n<\/div>\n<\/div>\n<\/div>\n\n<div class=\"gb-container gb-container-dea5f735\"><div class=\"gb-inside-container\"><\/div><div class=\"gb-shapes\"><div class=\"gb-shape gb-shape-1\"><svg xmlns=\"http:\/\/www.w3.org\/2000\/svg\" viewBox=\"0 0 1200 100\" preserveAspectRatio=\"none\"><path d=\"M1200 100H0V0l400 77.2L1200 0z\"\/><\/svg><\/div><div class=\"gb-shape gb-shape-2\"><svg xmlns=\"http:\/\/www.w3.org\/2000\/svg\" viewBox=\"0 0 1200 100\" preserveAspectRatio=\"none\"><path d=\"M1200 100H0V0l400 77.2L1200 0z\"\/><\/svg><\/div><\/div><\/div>\n\n\n<p><\/p>\n","protected":false},"excerpt":{"rendered":"<p>Innenausbau Romanseit 04\/2020in Bergtheim bei W\u00fcrzburg Innenausbau Roman ist ein spezialisiertes Unternehmen im Bereich Trockenbau mit langj\u00e4hriger Erfahrung. Wir bieten ma\u00dfgeschneiderte L\u00f6sungen f\u00fcr private, gewerbliche und \u00f6ffentliche Bauprojekte. Unser Ziel ist es, die Visionen unserer Kunden in die Realit\u00e4t umzusetzen, indem wir innovative Technologien, hochwertige Materialien und pr\u00e4zises Handwerk kombinieren.<\/p>\n","protected":false},"author":1,"featured_media":0,"parent":0,"menu_order":0,"comment_status":"closed","ping_status":"closed","template":"","meta":{"footnotes":""},"class_list":["post-3576","page","type-page","status-publish","hentry"],"_links":{"self":[{"href":"https:\/\/www.innenausbau-roman.de\/index.php\/wp-json\/wp\/v2\/pages\/3576","targetHints":{"allow":["GET"]}}],"collection":[{"href":"https:\/\/www.innenausbau-roman.de\/index.php\/wp-json\/wp\/v2\/pages"}],"about":[{"href":"https:\/\/www.innenausbau-roman.de\/index.php\/wp-json\/wp\/v2\/types\/page"}],"author":[{"embeddable":true,"href":"https:\/\/www.innenausbau-roman.de\/index.php\/wp-json\/wp\/v2\/users\/1"}],"replies":[{"embeddable":true,"href":"https:\/\/www.innenausbau-roman.de\/index.php\/wp-json\/wp\/v2\/comments?post=3576"}],"version-history":[{"count":36,"href":"https:\/\/www.innenausbau-roman.de\/index.php\/wp-json\/wp\/v2\/pages\/3576\/revisions"}],"predecessor-version":[{"id":4565,"href":"https:\/\/www.innenausbau-roman.de\/index.php\/wp-json\/wp\/v2\/pages\/3576\/revisions\/4565"}],"wp:attachment":[{"href":"https:\/\/www.innenausbau-roman.de\/index.php\/wp-json\/wp\/v2\/media?parent=3576"}],"curies":[{"name":"wp","href":"https:\/\/api.w.org\/{rel}","templated":true}]}}